{"id":643,"date":"2021-11-12T08:27:07","date_gmt":"2021-11-12T08:27:07","guid":{"rendered":"http:\/\/ascm.gob.mx\/?page_id=643"},"modified":"2026-01-27T10:46:20","modified_gmt":"2026-01-27T16:46:20","slug":"buzon-ciudadano-en-materia-de-fiscalizacion","status":"publish","type":"page","link":"http:\/\/ascm.gob.mx\/index.php\/buzon-ciudadano-en-materia-de-fiscalizacion\/","title":{"rendered":"Buz\u00f3n Ciudadano"},"content":{"rendered":"<p>[et_pb_section fb_built=&#8221;1&#8243; _builder_version=&#8221;4.16&#8243; custom_padding=&#8221;||0px|||&#8221; global_colors_info=&#8221;{}&#8221;][et_pb_row _builder_version=&#8221;4.16&#8243; background_size=&#8221;initial&#8221; background_position=&#8221;top_left&#8221; background_repeat=&#8221;repeat&#8221; custom_padding=&#8221;||0px|||&#8221; locked=&#8221;off&#8221; global_colors_info=&#8221;{}&#8221;][et_pb_column type=&#8221;4_4&#8243; _builder_version=&#8221;4.16&#8243; custom_padding=&#8221;|||&#8221; global_colors_info=&#8221;{}&#8221; custom_padding__hover=&#8221;|||&#8221;][et_pb_text _builder_version=&#8221;4.17.0&#8243; _module_preset=&#8221;default&#8221; custom_margin=&#8221;||0px|||&#8221; global_colors_info=&#8221;{}&#8221;]<\/p>\n<h2>Buz\u00f3n Ciudadano en materia de fiscalizaci\u00f3n<\/h2>\n<p>[\/et_pb_text][et_pb_divider _builder_version=&#8221;4.16&#8243; _module_preset=&#8221;default&#8221; global_colors_info=&#8221;{}&#8221;][\/et_pb_divider][et_pb_text _builder_version=&#8221;4.16&#8243; _module_preset=&#8221;default&#8221; global_colors_info=&#8221;{}&#8221;]<\/p>\n<p><span>La Auditor\u00eda Superior de la Ciudad de M\u00e9xico, motiva la participaci\u00f3n ciudadana, es por ello que te invitamos a que participes con tus consideraciones sobre posibles riesgos que conozcas del ejercicio de la administraci\u00f3n p\u00fablica de la Ciudad de M\u00e9xico, en el siguiente formulario.\u00a0<\/span><a href=\"https:\/\/ascm.gob.mx\/buzonciudadano\/Archivos\/FormularioRecoleccion.pdf\" target=\"_blank\" rel=\"noopener\">Instructivo de Llenado<\/a><\/p>\n<p>&nbsp;<\/p>\n<p>[\/et_pb_text][\/et_pb_column][\/et_pb_row][et_pb_row _builder_version=&#8221;4.16&#8243; background_color=&#8221;#f7f7f7&#8243; background_size=&#8221;initial&#8221; background_position=&#8221;top_left&#8221; background_repeat=&#8221;repeat&#8221; border_radii=&#8221;on|25px|25px|25px|25px&#8221; global_colors_info=&#8221;{}&#8221;][et_pb_column type=&#8221;4_4&#8243; _builder_version=&#8221;4.16&#8243; custom_padding=&#8221;|||&#8221; global_colors_info=&#8221;{}&#8221; custom_padding__hover=&#8221;|||&#8221;][et_pb_code disabled_on=&#8221;on|on|on&#8221; _builder_version=&#8221;4.19.5&#8243; _module_preset=&#8221;default&#8221; disabled=&#8221;on&#8221; global_colors_info=&#8221;{}&#8221;]<iframe src=\"https:\/\/ascm.gob.mx\/buzonciudadano\/\" height=\"800\" width=\"1920\"><\/iframe>[\/et_pb_code][et_pb_code _builder_version=&#8221;4.19.5&#8243; _module_preset=&#8221;default&#8221; hover_enabled=&#8221;0&#8243; global_colors_info=&#8221;{}&#8221; sticky_enabled=&#8221;0&#8243;]<html>\r\n<head>\r\n\t<title> Buz&oacute;n Ciudadano - ASCM <\/title>\r\n\t<link rel=\"SHORTCUT ICON\" href=\"https:\/\/ascm.gob.mx\/img\/favicon.ico\" \/>\r\n\t<link href=\"https:\/\/ascm.gob.mx\/Sitio\/Style\/Contaduria.css\" rel=\"stylesheet\" type=\"text\/css\">\r\n\t<style>\r\n        @import url('https:\/\/fonts.googleapis.com\/css2?family=Montserrat:ital,wght@0,100;0,200;0,300;0,400;0,500;0,600;0,700;0,800;0,900;1,100;1,200;1,300;1,400;1,500;1,600;1,700;1,800;1,900&display=swap');\r\n      <\/style>\r\n\t<script language=\"javascript\">\r\n\t\tfunction Enviar(){\r\n\t\t\tif(document.Frm_Buzon.Txt_Asunto.value.length>0 && document.Frm_Buzon.Txt_Resumen.value.length>0){\r\n\t\t\t\tif(document.Frm_Buzon.Txt_Asunto.value.length>500 || document.Frm_Buzon.Txt_Resumen.value.length>500){\r\n\t\t\t\t\tError=\"Lo sentimos, ha excedido el n&uacute;mero de caract&eacute;res (letras) permitido que es de 500: \\n\";\r\n\t\t\t\t\tif(document.Frm_Buzon.Txt_Asunto.value.length>500)\r\n\t\t\t\t\t\tError = Error + \"\\n-\u00bfC&oacute;mo y cu&aacute;ndo se da cuenta de este asunto?: texto excedente (\" + (document.Frm_Buzon.Txt_Asunto.value.length-500) + \") Caract&eacute;res.\"\r\n\t\t\t\t\tif(document.Frm_Buzon.Txt_Resumen.value.length>500)\r\n\t\t\t\t\t\tError = Error + \"\\n-Resumen de la irregularidad, conducta u omisi&oacute;n: texto excedente (\" + (document.Frm_Buzon.Txt_Resumen.value.length-500) + \") caract&eacute;res.\"\r\n\t\t\t\t\talert(Error);\r\n\t\t\t\t}else{\r\n\t\t\t\t\tif (confirm(\"\u00bfRealmente desea enviar la informaci&oacute;n?\"))\r\n\t\t\t\t\t\tdocument.Frm_Buzon.submit();\r\n\t\t\t\t}\r\n\t\t\t}else\r\n\t\t\t\talert(\"Debe capturar todos los datos obligatorios.\");\r\n\t\t}\r\n\t<\/script>    \r\n<\/head>\r\n<body id=\"BodyBuzon2\">\r\n\t<div id=\"divCenter\">\r\n    <div id=\"ContainerBuzon2\">\r\n    <form name=\"Frm_Buzon\" method=\"post\" enctype=\"multipart\/form-data\">\r\n        <div id=\"CenterBuzon\">\r\n        \t<div id=\"RoundedSquare\">\r\n            \t<ul>\r\n                \t<li>\r\n                        <p>* Nombre del organismo del sector p&uacute;blico:<\/p>\r\n                        <input class=\"cuadrodetexto\" name=\"Txt_Ente\" type=\"text\" size=\"80\" maxlength=\"200\">\r\n\t\t\t\t\t<\/li>\r\n\t\t\t\t\t<li>\r\n                        <p>Nombre(s) y cargo(s) de funcionario p&uacute;blico(s):<\/p>\r\n                        <input class=\"cuadrodetexto\" name=\"Txt_Persona\" type=\"text\" size=\"80\" maxlength=\"200\">\r\n\t\t\t\t\t<\/li>\r\n\t\t\t\t\t<li>\r\n                        <p>Empresa(s) privada(s) involucrada(s):<\/p>\r\n                        <input class=\"cuadrodetexto\" name=\"Txt_Empresa\" type=\"text\" size=\"80\" maxlength=\"200\">\r\n\t\t\t\t\t<\/li>\r\n                    <li>\r\n                        <p>* &iquest;C&oacute;mo y cu&aacute;ndo se da cuenta de este asunto?: <br>\r\n                        (M&aacute;ximo 500 caracteres)<\/p>\r\n                        <textarea class=\"cuadrodetexto\" name=\"Txt_Asunto\" cols=\"80\" rows=\"2\"><\/textarea>\r\n\t\t\t\t\t<\/li>\r\n                    <li>\r\n                        <p>* Resumen de la irregularidad, conducta u omisi&oacuten: <br>\r\n                        (M&aacute;ximo 500 caracteres)<\/p>\r\n                        <textarea class=\"cuadrodetexto\" name=\"Txt_Resumen\" cols=\"80\" rows=\"2\"><\/textarea>\r\n\t\t\t\t\t<\/li>\r\n                    <li>\r\n                        <p>Aduntar el documento pertinente (hasta 5 MB); en caso <br>de que sea m&aacute;s de un\r\n                          documento, utilizar los formatos<br> .zip o .rar (.txt, .doc, .docx, .pdf, .zip, .rar)<\/p>\r\n                        <input class=\"cuadrodetexto\" type=\"file\" name=\"Doc\" \/>\r\n\t\t\t\t\t<\/li>\r\n                    <li>\r\n                        <p>Explicar c&oacute;mo estos documentos sustentan su informaci&oacute;n:<\/p>\r\n                        <input class=\"cuadrodetexto\" name=\"Txt_DocSustento\" type=\"text\" size=\"80\" maxlength=\"200\">\r\n\t\t\t\t\t<\/li>\r\n                    <li>\r\n                        <p>Mencionar que otros documentos pueden ser relevantes para fortalecer su planteamiento:<\/p>\r\n                        <input class=\"cuadrodetexto\" name=\"Txt_DocOtro\" type=\"text\" size=\"80\" maxlength=\"200\">\r\n\t\t\t\t\t<\/li>\r\n                    <li id=\"specialLi\">\r\n                        <p>Finalmente le solicitamos en aras de proteger sus datos personales en todo momento,\r\n                        omitir cualquiera de ellos en los formularios se&ntilde;alados.<br>\r\n\t\t\t\t\t\t<br>\r\n\t\t\t\t\t\t<span id=\"spanparr\"><b>*Datos Obligatorios.<\/b><\/span><\/p>\r\n\t\t\t\t\t\t<br>\r\n                        <a href=\"javascript:Enviar();\">\r\n                        \t<figure>\r\n                        \t\t<img decoding=\"async\" src=\"https:\/\/ascm.gob.mx\/buzonciudadano\/img\/BtnEnviar.png\" title=\"Enviar\">\r\n                                <figcaption>Enviar<\/figcaption>\r\n                            <\/figure>\r\n                        <\/a>\r\n\t\t\t\t\t<\/li>\r\n            \t<\/ul>\r\n        \t<\/div>\r\n        <\/div>\r\n        <\/form>\r\n\t<\/div>\r\n    <\/div>\r\n<\/body>\r\n<\/html>[\/et_pb_code][\/et_pb_column][\/et_pb_row][\/et_pb_section][et_pb_section fb_built=&#8221;1&#8243; _builder_version=&#8221;4.16&#8243; background_color=&#8221;#FFFFFF&#8221; custom_padding=&#8221;0px|||||&#8221; global_colors_info=&#8221;{}&#8221;][et_pb_row column_structure=&#8221;3_4,1_4&#8243; _builder_version=&#8221;4.16&#8243; background_size=&#8221;initial&#8221; background_position=&#8221;top_left&#8221; background_repeat=&#8221;repeat&#8221; global_colors_info=&#8221;{}&#8221;][et_pb_column type=&#8221;3_4&#8243; _builder_version=&#8221;4.16&#8243; custom_padding=&#8221;|||&#8221; global_colors_info=&#8221;{}&#8221; custom_padding__hover=&#8221;|||&#8221;][et_pb_text _builder_version=&#8221;4.19.5&#8243; _module_preset=&#8221;default&#8221; global_colors_info=&#8221;{}&#8221;]<\/p>\n<p style=\"text-align: justify;\"><b>Nota<\/b>: En caso de no ser suficiente el espacio de almacenamiento, favor de remitir sus documentos a la <strong>Unidad de Transparencia y Gesti\u00f3n Documental<\/strong>, a los correos electr\u00f3nicos: <a href=\"mailto:dromana@ascm.gob.mx\"><strong>dromana@ascm.gob.mx<\/strong><\/a> y <a href=\"mailto:erincont@ascm.gob.mx\"><strong>erincont@ascm.gob.mx<\/strong><\/a>, o al edificio sede de la A<strong>uditor\u00eda Superior de la Ciudad de M\u00e9xico<\/strong>, ubicado en: Av. 20 de Noviembre 700, Col Huichapan, Barrio San Marcos, Alcald\u00eda Xochimilco, Ciudad de M\u00e9xico, C.P. 16050; haciendo referencia al folio de la propuesta ciudadana de auditor\u00eda de que se trate.<br \/>\n<!--  \n<br \/><a href=\"https:\/\/ascm.gob.mx\/buzonciudadano\/Archivos\/GastoFederalizado.pdf\" target=\"_blank\" rel=\"noopener\">&gt;&gt; Conoce que es el Gasto Federalizado<\/a><\/p>\n\n\n--> [\/et_pb_text][\/et_pb_column][et_pb_column type=&#8221;1_4&#8243; _builder_version=&#8221;4.16&#8243; custom_padding=&#8221;|||&#8221; global_colors_info=&#8221;{}&#8221; custom_padding__hover=&#8221;|||&#8221;][et_pb_image src=&#8221;https:\/\/ascm.gob.mx\/buzonciudadano\/img\/BtnConsulta_.png&#8221; alt=&#8221;Consultar&#8221; title_text=&#8221;Consulta la respuesta a tu denuncia&#8221; url=&#8221;https:\/\/ascm.gob.mx\/buzonciudadano\/Login.php&#8221; align=&#8221;center&#8221; _builder_version=&#8221;4.16&#8243; _module_preset=&#8221;default&#8221; global_colors_info=&#8221;{}&#8221;][\/et_pb_image][et_pb_button button_url=&#8221;https:\/\/ascm.gob.mx\/buzonciudadano\/Login.php&#8221; button_text=&#8221;Consultar&#8221; button_alignment=&#8221;center&#8221; _builder_version=&#8221;4.16&#8243; _module_preset=&#8221;default&#8221; custom_button=&#8221;on&#8221; button_text_size=&#8221;14px&#8221; button_border_width=&#8221;1px&#8221; global_colors_info=&#8221;{}&#8221; button_text__hover_enabled=&#8221;on|hover&#8221; button_text__hover=&#8221;Consulta la respuesta a tu denuncia&#8221;][\/et_pb_button][\/et_pb_column][\/et_pb_row][\/et_pb_section][et_pb_section fb_built=&#8221;1&#8243; _builder_version=&#8221;4.16&#8243; background_color=&#8221;#f7f7f7&#8243; global_colors_info=&#8221;{}&#8221;][et_pb_row _builder_version=&#8221;4.16&#8243; background_size=&#8221;initial&#8221; background_position=&#8221;top_left&#8221; background_repeat=&#8221;repeat&#8221; global_colors_info=&#8221;{}&#8221;][et_pb_column type=&#8221;4_4&#8243; _builder_version=&#8221;4.16&#8243; custom_padding=&#8221;|||&#8221; global_colors_info=&#8221;{}&#8221; custom_padding__hover=&#8221;|||&#8221;][\/et_pb_column][\/et_pb_row][\/et_pb_section]<\/p>\n","protected":false},"excerpt":{"rendered":"<p>Buz\u00f3n Ciudadano en materia de fiscalizaci\u00f3nLa Auditor\u00eda Superior de la Ciudad de M\u00e9xico, motiva la participaci\u00f3n ciudadana, es por ello que te invitamos a que participes con tus consideraciones sobre posibles riesgos que conozcas del ejercicio de la administraci\u00f3n p\u00fablica de la Ciudad de M\u00e9xico, en el siguiente formulario.\u00a0Instructivo de Llenado &nbsp;<html>\r\n<head>\r\n\t<title> Buz&oacute;n Ciudadano - ASCM <\/title>\r\n\t<link rel=\"SHORTCUT ICON\" href=\"https:\/\/ascm.gob.mx\/img\/favicon.ico\" \/>\r\n\t<link href=\"https:\/\/ascm.gob.mx\/Sitio\/Style\/Contaduria.css\" rel=\"stylesheet\" type=\"text\/css\">\r\n\t<style>\r\n        @import url('https:\/\/fonts.googleapis.com\/css2?family=Montserrat:ital,wght@0,100;0,200;0,300;0,400;0,500;0,600;0,700;0,800;0,900;1,100;1,200;1,300;1,400;1,500;1,600;1,700;1,800;1,900&display=swap');\r\n      <\/style>\r\n\t<script language=\"javascript\">\r\n\t\tfunction Enviar(){\r\n\t\t\tif(document.Frm_Buzon.Txt_Asunto.value.length>0 && document.Frm_Buzon.Txt_Resumen.value.length>0){\r\n\t\t\t\tif(document.Frm_Buzon.Txt_Asunto.value.length>500 || document.Frm_Buzon.Txt_Resumen.value.length>500){\r\n\t\t\t\t\tError=\"Lo sentimos, ha excedido el n&uacute;mero de caract&eacute;res (letras) permitido que es de 500: \\n\";\r\n\t\t\t\t\tif(document.Frm_Buzon.Txt_Asunto.value.length>500)\r\n\t\t\t\t\t\tError = Error + \"\\n-\u00bfC&oacute;mo y cu&aacute;ndo se da cuenta de este asunto?: texto excedente (\" + (document.Frm_Buzon.Txt_Asunto.value.length-500) + \") Caract&eacute;res.\"\r\n\t\t\t\t\tif(document.Frm_Buzon.Txt_Resumen.value.length>500)\r\n\t\t\t\t\t\tError = Error + \"\\n-Resumen de la irregularidad, conducta u omisi&oacute;n: texto excedente (\" + (document.Frm_Buzon.Txt_Resumen.value.length-500) + \") caract&eacute;res.\"\r\n\t\t\t\t\talert(Error);\r\n\t\t\t\t}else{\r\n\t\t\t\t\tif (confirm(\"\u00bfRealmente desea enviar la informaci&oacute;n?\"))\r\n\t\t\t\t\t\tdocument.Frm_Buzon.submit();\r\n\t\t\t\t}\r\n\t\t\t}else\r\n\t\t\t\talert(\"Debe capturar todos los datos obligatorios.\");\r\n\t\t}\r\n\t<\/script>    \r\n<\/head>\r\n<body id=\"BodyBuzon2\">\r\n\t<div id=\"divCenter\">\r\n    <div id=\"ContainerBuzon2\">\r\n    <form name=\"Frm_Buzon\" method=\"post\" enctype=\"multipart\/form-data\">\r\n        <div id=\"CenterBuzon\">\r\n        \t<div id=\"RoundedSquare\">\r\n            \t<ul>\r\n                \t<li>\r\n                        <p>* Nombre del organismo del sector p&uacute;blico:<\/p>\r\n                        <input class=\"cuadrodetexto\" name=\"Txt_Ente\" type=\"text\" size=\"80\" maxlength=\"200\">\r\n\t\t\t\t\t<\/li>\r\n\t\t\t\t\t<li>\r\n                        <p>Nombre(s) y cargo(s) de funcionario p&uacute;blico(s):<\/p>\r\n                        <input class=\"cuadrodetexto\" name=\"Txt_Persona\" type=\"text\" size=\"80\" maxlength=\"200\">\r\n\t\t\t\t\t<\/li>\r\n\t\t\t\t\t<li>\r\n                        <p>Empresa(s) privada(s) involucrada(s):<\/p>\r\n                        <input class=\"cuadrodetexto\" name=\"Txt_Empresa\" type=\"text\" size=\"80\" maxlength=\"200\">\r\n\t\t\t\t\t<\/li>\r\n                    <li>\r\n                        <p>* &iquest;C&oacute;mo y cu&aacute;ndo se da cuenta de este asunto?: <br>\r\n                        (M&aacute;ximo 500 caracteres)<\/p>\r\n                        <textarea class=\"cuadrodetexto\" name=\"Txt_Asunto\" cols=\"80\" rows=\"2\"><\/textarea>\r\n\t\t\t\t\t<\/li>\r\n                    <li>\r\n                        <p>* Resumen de la irregularidad, conducta u omisi&oacuten: <br>\r\n                        (M&aacute;ximo 500 caracteres)<\/p>\r\n                        <textarea class=\"cuadrodetexto\" name=\"Txt_Resumen\" cols=\"80\" rows=\"2\"><\/textarea>\r\n\t\t\t\t\t<\/li>\r\n                    <li>\r\n                        <p>Aduntar el documento pertinente (hasta 5 MB); en caso <br>de que sea m&aacute;s de un\r\n                          documento, utilizar los formatos<br> .zip o .rar (.txt, .doc, .docx, .pdf, .zip, .rar)<\/p>\r\n                        <input class=\"cuadrodetexto\" type=\"file\" name=\"Doc\" \/>\r\n\t\t\t\t\t<\/li>\r\n                    <li>\r\n                        <p>Explicar c&oacute;mo estos documentos sustentan su informaci&oacute;n:<\/p>\r\n                        <input class=\"cuadrodetexto\" name=\"Txt_DocSustento\" type=\"text\" size=\"80\" maxlength=\"200\">\r\n\t\t\t\t\t<\/li>\r\n                    <li>\r\n                        <p>Mencionar que otros documentos pueden ser relevantes para fortalecer su planteamiento:<\/p>\r\n                        <input class=\"cuadrodetexto\" name=\"Txt_DocOtro\" type=\"text\" size=\"80\" maxlength=\"200\">\r\n\t\t\t\t\t<\/li>\r\n                    <li id=\"specialLi\">\r\n                        <p>Finalmente le solicitamos en aras de proteger sus datos personales en todo momento,\r\n                        omitir cualquiera de ellos en los formularios se&ntilde;alados.<br>\r\n\t\t\t\t\t\t<br>\r\n\t\t\t\t\t\t<span id=\"spanparr\"><b>*Datos Obligatorios.<\/b><\/span><\/p>\r\n\t\t\t\t\t\t<br>\r\n                        <a href=\"javascript:Enviar();\">\r\n                        \t<figure>\r\n                        \t\t<img decoding=\"async\" src=\"https:\/\/ascm.gob.mx\/buzonciudadano\/img\/BtnEnviar.png\" title=\"Enviar\">\r\n                                <figcaption>Enviar<\/figcaption>\r\n                            <\/figure>\r\n                        <\/a>\r\n\t\t\t\t\t<\/li>\r\n            \t<\/ul>\r\n        \t<\/div>\r\n        <\/div>\r\n        <\/form>\r\n\t<\/div>\r\n    <\/div>\r\n<\/body>\r\n<\/html>Nota: En caso [&hellip;]<\/p>\n","protected":false},"author":7,"featured_media":0,"parent":0,"menu_order":0,"comment_status":"closed","ping_status":"closed","template":"","meta":{"_et_pb_use_builder":"on","_et_pb_old_content":"","_et_gb_content_width":"","footnotes":""},"_links":{"self":[{"href":"http:\/\/ascm.gob.mx\/index.php\/wp-json\/wp\/v2\/pages\/643"}],"collection":[{"href":"http:\/\/ascm.gob.mx\/index.php\/wp-json\/wp\/v2\/pages"}],"about":[{"href":"http:\/\/ascm.gob.mx\/index.php\/wp-json\/wp\/v2\/types\/page"}],"author":[{"embeddable":true,"href":"http:\/\/ascm.gob.mx\/index.php\/wp-json\/wp\/v2\/users\/7"}],"replies":[{"embeddable":true,"href":"http:\/\/ascm.gob.mx\/index.php\/wp-json\/wp\/v2\/comments?post=643"}],"version-history":[{"count":53,"href":"http:\/\/ascm.gob.mx\/index.php\/wp-json\/wp\/v2\/pages\/643\/revisions"}],"predecessor-version":[{"id":4823,"href":"http:\/\/ascm.gob.mx\/index.php\/wp-json\/wp\/v2\/pages\/643\/revisions\/4823"}],"wp:attachment":[{"href":"http:\/\/ascm.gob.mx\/index.php\/wp-json\/wp\/v2\/media?parent=643"}],"curies":[{"name":"wp","href":"https:\/\/api.w.org\/{rel}","templated":true}]}}