{"id":4711,"date":"2023-04-25T16:03:52","date_gmt":"2023-04-25T21:03:52","guid":{"rendered":"http:\/\/ascm.gob.mx\/?page_id=4711"},"modified":"2026-01-27T10:42:42","modified_gmt":"2026-01-27T16:42:42","slug":"6-apdp-legalidad-y-responsabilidades","status":"publish","type":"page","link":"http:\/\/ascm.gob.mx\/index.php\/6-apdp-legalidad-y-responsabilidades\/","title":{"rendered":"6-apdp-Legalidad-y-Responsabilidades"},"content":{"rendered":"<p>[et_pb_section fb_built=&#8221;1&#8243; admin_label=&#8221;section&#8221; _builder_version=&#8221;4.16&#8243; min_height=&#8221;902.5px&#8221; global_colors_info=&#8221;{}&#8221;][et_pb_row admin_label=&#8221;row&#8221; _builder_version=&#8221;4.16&#8243; background_size=&#8221;initial&#8221; background_position=&#8221;top_left&#8221; background_repeat=&#8221;repeat&#8221; min_height=&#8221;756.5px&#8221; global_colors_info=&#8221;{}&#8221;][et_pb_column type=&#8221;4_4&#8243; _builder_version=&#8221;4.16&#8243; custom_padding=&#8221;|||&#8221; global_colors_info=&#8221;{}&#8221; custom_padding__hover=&#8221;|||&#8221;][et_pb_text _builder_version=&#8221;4.16&#8243; _module_preset=&#8221;default&#8221; min_height=&#8221;63px&#8221; border_width_bottom=&#8221;3px&#8221; border_color_bottom=&#8221;#b23b17&#8243; global_colors_info=&#8221;{}&#8221;]<\/p>\n<h4 class=\"TituloBlanco\" data-uw-styling-context=\"true\" style=\"text-align: justify;\">AVISO DE PRIVACIDAD SIMPLIFICADO DE PROTECCI\u00d3N DE DATOS PERSONALES RECABADOS POR EL \u00c1REA DE LEGALIDAD Y RESPONSABILIDADES DE LA CONTRALOR\u00cdA GENERAL DE LA AUDITOR\u00cdA SUPERIOR DE LA CIUDAD DE M\u00c9XICO.<\/h4>\n<p>[\/et_pb_text][et_pb_text _builder_version=&#8221;4.19.5&#8243; _module_preset=&#8221;default&#8221; global_colors_info=&#8221;{}&#8221;]<\/p>\n<p class=\"SubtituloBlancoM\" data-uw-styling-context=\"true\" style=\"text-align: justify;\">La Auditor\u00eda Superior de la Ciudad de M\u00e9xico a trav\u00e9s de su Contralor\u00eda General por conducto de la Subcontralor\u00eda del \u00c1rea de Legalidad y Responsabilidades, es la Responsable del tratamiento de los datos personales que nos proporcione, los cuales ser\u00e1n protegidos en el Sistema de Datos Personales denominado <strong><em>\u201cSISTEMA DE DATOS PERSONALES DE LOS PROCEDIMIENTOS DE INVESTIGACI\u00d3N, SUBSTANCIACI\u00d3N Y RESOLUCI\u00d3N, DERIVADOS DE QUEJAS, DENUNCIAS, AUDITOR\u00cdAS O PROCEDIMIENTOS EN MATERIA DE ADQUISICIONES U OBRA P\u00daBLICA, PROCEDIMIENTOS DE IMPEDIMENTO Y RECURSOS INTERPUESTOS ANTE LAS RESOLUCIONES DE LA CONTRALOR\u00cdA GENERAL O POR LOS PROCEDIMIENTOS DE LICITACI\u00d3N PUBLICA, PRESENTADAS ANTE LA CONTRALOR\u00cdA GENERAL DE LA AUDITOR\u00cdA SUPERIOR DE LA CIUDAD DE M\u00c9XICO\u201d<\/em><\/strong>.<\/p>\n<p class=\"SubtituloBlancoM\" data-uw-styling-context=\"true\" style=\"text-align: justify;\">Los datos personales que recabemos ser\u00e1n utilizados con la finalidad de recopilar, integrar y dar seguimiento a la informaci\u00f3n referente a la aplicaci\u00f3n de los procedimientos administrativos de investigaci\u00f3n, substanciaci\u00f3n y resoluci\u00f3n de los procedimientos de presuntas responsabilidades administrativas y disciplinarios derivados de las quejas y denuncias presentadas por las personas servidoras p\u00fablicas y particulares ante la Contralor\u00eda General de la Auditor\u00eda Superior de la Ciudad de M\u00e9xico, as\u00ed como, de los procedimientos de impedimento y recursos interpuestos ante las resoluciones de la Contralor\u00eda General o de los procedimientos de Licitaci\u00f3n p\u00fablica y crear el padr\u00f3n de personas servidoras p\u00fablicas sancionadas. Y podr\u00e1n ser transferidos a: \u00d3rganos jurisdiccionales locales y federales; Comisi\u00f3n de Derechos Humanos de la Ciudad de M\u00e9xico y el Instituto de Transparencia, Acceso a la Informaci\u00f3n P\u00fablica de Datos Personales y Rendici\u00f3n de Cuentas de la Ciudad de M\u00e9xico, en cumplimiento a los requerimientos que en el ejercicio de sus atribuciones realicen.<\/p>\n<p class=\"SubtituloBlancoM\" data-uw-styling-context=\"true\" style=\"text-align: justify;\">Usted podr\u00e1 manifestar la negativa al tratamiento de sus datos personales directamente ante la Unidad de Transparencia y Gesti\u00f3n Documental de la Auditor\u00eda Superior de la Ciudad de M\u00e9xico, ubicada en Avenida 20 de Noviembre No. 700, planta baja, Colonia Huichapan, Barrio San Marcos, Alcald\u00eda en Xochimilco, C.P.16050, Ciudad de M\u00e9xico, con n\u00famero telef\u00f3nico 55 56 24 51 00 extensiones 142, 143 y 231, y correo electr\u00f3nico: <a href=\"mailto:utransparenciagd@ascm.gob.mx\">utransparenciagd@ascm.gob.mx<\/a><\/p>\n<p>[\/et_pb_text][et_pb_button button_url=&#8221;https:\/\/ascm.gob.mx\/Pdfs\/Legalidad_y_Responsabilidades_INTEGRAL.pdf&#8221; button_text=&#8221;AVISO DE PRIVACIDAD INTEGRAL&#8221; button_alignment=&#8221;center&#8221; _builder_version=&#8221;4.19.5&#8243; _module_preset=&#8221;default&#8221; custom_button=&#8221;on&#8221; button_text_size=&#8221;18px&#8221; hover_enabled=&#8221;0&#8243; global_colors_info=&#8221;{}&#8221; url_new_window=&#8221;on&#8221; sticky_enabled=&#8221;0&#8243;][\/et_pb_button][et_pb_text _builder_version=&#8221;4.19.5&#8243; _module_preset=&#8221;default&#8221; global_colors_info=&#8221;{}&#8221;]<\/p>\n<p class=\"SubtituloBlancoM\" data-uw-styling-context=\"true\">Fecha de actualizaci\u00f3n: 24 de abril de 2023.<\/p>\n<p>[\/et_pb_text][et_pb_button button_url=&#8221;https:\/\/ascm.gob.mx\/index.php\/datos-personales\/&#8221; button_text=&#8221;Atr\u00e1s &#8221; button_alignment=&#8221;center&#8221; _builder_version=&#8221;4.16&#8243; _module_preset=&#8221;default&#8221; custom_button=&#8221;on&#8221; button_text_size=&#8221;18px&#8221; locked=&#8221;off&#8221; global_colors_info=&#8221;{}&#8221;][\/et_pb_button][\/et_pb_column][\/et_pb_row][\/et_pb_section]<\/p>\n","protected":false},"excerpt":{"rendered":"<p>AVISO DE PRIVACIDAD SIMPLIFICADO DE PROTECCI\u00d3N DE DATOS PERSONALES RECABADOS POR EL \u00c1REA DE LEGALIDAD Y RESPONSABILIDADES DE LA CONTRALOR\u00cdA GENERAL DE LA AUDITOR\u00cdA SUPERIOR DE LA CIUDAD DE M\u00c9XICO.La Auditor\u00eda Superior de la Ciudad de M\u00e9xico a trav\u00e9s de su Contralor\u00eda General por conducto de la Subcontralor\u00eda del \u00c1rea de Legalidad y Responsabilidades, es [&hellip;]<\/p>\n","protected":false},"author":5,"featured_media":0,"parent":0,"menu_order":0,"comment_status":"closed","ping_status":"closed","template":"","meta":{"_et_pb_use_builder":"on","_et_pb_old_content":"","_et_gb_content_width":"","footnotes":""},"_links":{"self":[{"href":"http:\/\/ascm.gob.mx\/index.php\/wp-json\/wp\/v2\/pages\/4711"}],"collection":[{"href":"http:\/\/ascm.gob.mx\/index.php\/wp-json\/wp\/v2\/pages"}],"about":[{"href":"http:\/\/ascm.gob.mx\/index.php\/wp-json\/wp\/v2\/types\/page"}],"author":[{"embeddable":true,"href":"http:\/\/ascm.gob.mx\/index.php\/wp-json\/wp\/v2\/users\/5"}],"replies":[{"embeddable":true,"href":"http:\/\/ascm.gob.mx\/index.php\/wp-json\/wp\/v2\/comments?post=4711"}],"version-history":[{"count":5,"href":"http:\/\/ascm.gob.mx\/index.php\/wp-json\/wp\/v2\/pages\/4711\/revisions"}],"predecessor-version":[{"id":4722,"href":"http:\/\/ascm.gob.mx\/index.php\/wp-json\/wp\/v2\/pages\/4711\/revisions\/4722"}],"wp:attachment":[{"href":"http:\/\/ascm.gob.mx\/index.php\/wp-json\/wp\/v2\/media?parent=4711"}],"curies":[{"name":"wp","href":"https:\/\/api.w.org\/{rel}","templated":true}]}}