{"id":2960,"date":"2022-08-12T18:22:43","date_gmt":"2022-08-12T23:22:43","guid":{"rendered":"http:\/\/ascm.gob.mx\/?page_id=2960"},"modified":"2026-01-27T10:54:34","modified_gmt":"2026-01-27T16:54:34","slug":"obtiene-la-ascm-por-tercer-anio-consecutivo-los-reconocimientos-100-capacitados-del-info-cdmx","status":"publish","type":"page","link":"http:\/\/ascm.gob.mx\/index.php\/obtiene-la-ascm-por-tercer-anio-consecutivo-los-reconocimientos-100-capacitados-del-info-cdmx\/","title":{"rendered":"Obtiene la ASCM, por tercer a\u00f1o consecutivo, los Reconocimientos 100% Capacitados, del INFO CDMX"},"content":{"rendered":"<p>[et_pb_section fb_built=&#8221;1&#8243; _builder_version=&#8221;4.16&#8243; custom_margin=&#8221;||-23px|||&#8221; custom_padding=&#8221;||0px|||&#8221; global_colors_info=&#8221;{}&#8221;][et_pb_row _builder_version=&#8221;4.16&#8243; background_size=&#8221;initial&#8221; background_position=&#8221;top_left&#8221; background_repeat=&#8221;repeat&#8221; min_height=&#8221;64.8px&#8221; custom_padding=&#8221;||0px|||&#8221; locked=&#8221;off&#8221; collapsed=&#8221;off&#8221; global_colors_info=&#8221;{}&#8221;][et_pb_column type=&#8221;4_4&#8243; _builder_version=&#8221;4.16&#8243; custom_padding=&#8221;|||&#8221; global_colors_info=&#8221;{}&#8221; custom_padding__hover=&#8221;|||&#8221;][et_pb_text _builder_version=&#8221;4.17.0&#8243; _module_preset=&#8221;default&#8221; custom_margin=&#8221;||0px|||&#8221; global_colors_info=&#8221;{}&#8221;]<\/p>\n<h2>Obtiene la ASCM, por tercer a\u00f1o consecutivo, los Reconocimientos 100% Capacitados, del INFO CDMX<\/h2>\n<p>[\/et_pb_text][et_pb_divider _builder_version=&#8221;4.16&#8243; _module_preset=&#8221;default&#8221; global_colors_info=&#8221;{}&#8221;][\/et_pb_divider][\/et_pb_column][\/et_pb_row][\/et_pb_section][et_pb_section fb_built=&#8221;1&#8243; _builder_version=&#8221;4.17.0&#8243; _module_preset=&#8221;default&#8221; global_colors_info=&#8221;{}&#8221;][et_pb_row _builder_version=&#8221;4.17.0&#8243; _module_preset=&#8221;default&#8221; global_colors_info=&#8221;{}&#8221;][et_pb_column type=&#8221;4_4&#8243; _builder_version=&#8221;4.17.0&#8243; _module_preset=&#8221;default&#8221; global_colors_info=&#8221;{}&#8221;][et_pb_text admin_label=&#8221;Text&#8221; _builder_version=&#8221;4.17.0&#8243; background_size=&#8221;initial&#8221; background_position=&#8221;top_left&#8221; background_repeat=&#8221;repeat&#8221; custom_margin=&#8221;-42px|||||&#8221; custom_padding=&#8221;11px|||||&#8221; locked=&#8221;off&#8221; global_colors_info=&#8221;{}&#8221;]<\/p>\n<p style=\"text-align: justify;\">La Auditor\u00eda Superior de la Ciudad de M\u00e9xico (ASCM) recibi\u00f3 del Instituto de Transparencia, Acceso a la Informaci\u00f3n P\u00fablica, Protecci\u00f3n de Datos Personales y Rendici\u00f3n de Cuentas de la Ciudad de M\u00e9xico (INFO CDMX), los Reconocimientos: \u201cSujeto Obligado 100% Capacitado\u201d y \u201cComit\u00e9 de Transparencia y Unidad de Transparencia 100% Capacitado\u201d.<\/p>\n<p style=\"text-align: justify;\">Es el tercer a\u00f1o (2019, 2020 y 2021) que el \u00f3rgano fiscalizador obtiene ambos reconocimientos de manera continua, y actualmente se encuentra en la programaci\u00f3n de actividades para lo correspondiente a la Edici\u00f3n 2022. La Auditor\u00eda Superior obtuvo tambi\u00e9n el Reconocimiento al Desempe\u00f1o Sobresaliente en Capacitaci\u00f3n (ReDes), por la labor desarrollada en la materia en el ejercicio 2021.<\/p>\n<p style=\"text-align: justify;\">El INFO CDMX, que preside Ar\u00edstides Rodrigo Guerrero Garc\u00eda, hizo entrega de 75 Reconocimientos, nueve m\u00e1s que en 2020, a diversas dependencias, \u00f3rganos desconcentrados, aut\u00f3nomos y de gobierno de la administraci\u00f3n p\u00fablica capitalina, entre ellos a la ASCM, cuyo Titular Edwin Meraz \u00c1ngeles, recibi\u00f3 ambos galardones de manos del Comisionado Ciudadano Julio C\u00e9sar Bonilla Guti\u00e9rrez en las instalaciones del Instituto, en un evento desarrollado v\u00eda remota y presencial.<\/p>\n<p style=\"text-align: justify;\">Los sujetos obligados lograron capacitar, durante 2021, a su personal de estructura y a sus Comit\u00e9s y Unidades de Transparencia en los dos derechos que tutela el \u00f3rgano garante local.<\/p>\n<p style=\"text-align: justify;\">En su mensaje, el Auditor Superior agradeci\u00f3 la invitaci\u00f3n de la Comisionada Marina Alicia San Mart\u00edn Rebolloso, responsable en el INFO de la organizaci\u00f3n de la entrega de los Reconocimientos.<\/p>\n<p style=\"text-align: justify;\">Resalt\u00f3 que la capacitaci\u00f3n que realiza el Instituto en coordinaci\u00f3n con los sujetos obligados, es fundamental para adquirir nuevos conocimientos y herramientas que se traducen en el fortalecimiento de una cultura de la transparencia en el servicio p\u00fablico.<\/p>\n<p style=\"text-align: justify;\">\u201cEn la Auditor\u00eda Superior de la Ciudad de M\u00e9xico tenemos la convicci\u00f3n y el compromiso de impulsar y establecer un modelo organizacional que favorezca la mejora continua y la innovaci\u00f3n, as\u00ed como el aprovechamiento eficiente de los recursos con los que cuenta la instituci\u00f3n\u201d, agreg\u00f3 Meraz \u00c1ngeles al agradecer el trabajo coordinado por la Unidad de Transparencia a cargo de Roc\u00edo Aguilar Solache y su equipo en la ASCM, \u201chabida cuenta de que con \u00e9ste son ya tres a\u00f1os que se reciben de manera consecutiva\u201d estos reconocimientos, expres\u00f3.<\/p>\n<p style=\"text-align: justify;\">Finalmente reitero el compromiso de la Auditor\u00eda Superior con la transparencia, el acceso a la informaci\u00f3n, la protecci\u00f3n de datos personales, la rendici\u00f3n de cuentas y el gobierno abierto, y se\u00f1al\u00f3 que el Instituto de Transparencia es fundamental para el debido cumplimiento de las obligaciones en la materia, en beneficio de la ciudadan\u00eda de la Ciudad de M\u00e9xico.<\/p>\n<p style=\"text-align: justify;\">Cabe mencionar que en el evento se reconoci\u00f3 a los entes que obtuvieron el Reconocimiento de Comit\u00e9 y Unidad de Transparencia 100% Capacitados, que se obtiene cuando los sujetos obligados instruyen a las y los integrantes de estas dos instancias en los cursos introductorios de las leyes de acceso y datos; adem\u00e1s de incluir un taller especializado, ya sea en temas de solicitudes de informaci\u00f3n, clasificaci\u00f3n o prueba de da\u00f1o con la finalidad de fortalecer sus funciones.<\/p>\n<p style=\"text-align: justify;\">Los sujetos obligados que recibieron los reconocimientos \u201c100% Capacitados\u201d 2021 fueron: Jefatura de Gobierno; Comisi\u00f3n de Derechos Humanos; Consejer\u00eda Jur\u00eddica y de Servicios Legales; Agencia Digital de Innovaci\u00f3n P\u00fablica; Tribunal Superior de Justicia, Consejo de la Judicatura; Fiscal\u00eda General de Justicia; Alcald\u00eda Azcapotzalco; Secretar\u00eda de Finanzas; Alcald\u00eda Benito Ju\u00e1rez; Secretar\u00eda de Cultura; Alcald\u00eda Miguel Hidalgo; Junta Local de Conciliaci\u00f3n y Arbitraje; Alcald\u00eda Xochimilco; Secretar\u00eda de las Mujeres; y Sistema para el Desarrollo Integral de la Familia.<\/p>\n<p style=\"text-align: justify;\">Asimismo, la Secretar\u00eda de Desarrollo Econ\u00f3mico; Servicios de Salud P\u00fablica; Secretar\u00eda de Desarrollo Urbano y Vivienda; Auditor\u00eda Superior; Secretar\u00eda de Educaci\u00f3n, Ciencia, Tecnolog\u00eda e Innovaci\u00f3n; Secretar\u00eda de Pueblos y Barrios Originarios y Comunidades Ind\u00edgenas Residentes de la CDMX; Secretar\u00eda de Gesti\u00f3n Integral de Riesgos y Protecci\u00f3n Civil; y Secretar\u00eda de Salud, entre otros.<\/p>\n<p>[\/et_pb_text][et_pb_image src=&#8221;https:\/\/ascm.gob.mx\/wp-content\/uploads\/2022\/08\/cumplimiento-info-2022.png&#8221; alt=&#8221;Firman Convenio de Colaboraci\u00f3n la ASCM y el TJACDMX  foto 01&#8243; title_text=&#8221;cumplimiento-info-2022&#8243; align=&#8221;center&#8221; _builder_version=&#8221;4.17.0&#8243; _module_preset=&#8221;default&#8221; global_colors_info=&#8221;{}&#8221;][\/et_pb_image][et_pb_image src=&#8221;https:\/\/ascm.gob.mx\/wp-content\/uploads\/2022\/08\/cumplimiento-info-2022-01.png.jpg&#8221; alt=&#8221;Firman Convenio de Colaboraci\u00f3n la ASCM y el TJACDMX foto 02 &#8221; title_text=&#8221;cumplimiento-info-2022-01.png&#8221; align=&#8221;center&#8221; _builder_version=&#8221;4.17.0&#8243; _module_preset=&#8221;default&#8221; width=&#8221;42%&#8221; global_colors_info=&#8221;{}&#8221;][\/et_pb_image][et_pb_image src=&#8221;https:\/\/ascm.gob.mx\/wp-content\/uploads\/2022\/08\/cumplimiento-info-2022-02.png.jpg.png&#8221; alt=&#8221;Firman Convenio de Colaboraci\u00f3n la ASCM y el TJACDMX foto 03&#8243; title_text=&#8221;cumplimiento-info-2022-02.png.jpg&#8221; align=&#8221;center&#8221; _builder_version=&#8221;4.17.0&#8243; _module_preset=&#8221;default&#8221; width=&#8221;42%&#8221; global_colors_info=&#8221;{}&#8221;][\/et_pb_image][et_pb_image src=&#8221;https:\/\/ascm.gob.mx\/wp-content\/uploads\/2022\/08\/cumplimiento-info-2022-03.png.jpg&#8221; alt=&#8221;Firman Convenio de Colaboraci\u00f3n la ASCM y el TJACDMX foto 03&#8243; title_text=&#8221;cumplimiento-info-2022-03.png&#8221; align=&#8221;center&#8221; _builder_version=&#8221;4.17.0&#8243; _module_preset=&#8221;default&#8221; width=&#8221;42%&#8221; global_colors_info=&#8221;{}&#8221;][\/et_pb_image][et_pb_image src=&#8221;https:\/\/ascm.gob.mx\/wp-content\/uploads\/2022\/08\/cumplimiento-info-2022-04.png.jpg&#8221; alt=&#8221;Firman Convenio de Colaboraci\u00f3n la ASCM y el TJACDMX foto 03&#8243; title_text=&#8221;cumplimiento-info-2022-04.png&#8221; align=&#8221;center&#8221; _builder_version=&#8221;4.17.0&#8243; _module_preset=&#8221;default&#8221; width=&#8221;42%&#8221; global_colors_info=&#8221;{}&#8221;][\/et_pb_image][\/et_pb_column][\/et_pb_row][\/et_pb_section]<\/p>\n","protected":false},"excerpt":{"rendered":"<p>Obtiene la ASCM, por tercer a\u00f1o consecutivo, los Reconocimientos 100% Capacitados, del INFO CDMXLa Auditor\u00eda Superior de la Ciudad de M\u00e9xico (ASCM) recibi\u00f3 del Instituto de Transparencia, Acceso a la Informaci\u00f3n P\u00fablica, Protecci\u00f3n de Datos Personales y Rendici\u00f3n de Cuentas de la Ciudad de M\u00e9xico (INFO CDMX), los Reconocimientos: \u201cSujeto Obligado 100% Capacitado\u201d y \u201cComit\u00e9 [&hellip;]<\/p>\n","protected":false},"author":5,"featured_media":0,"parent":0,"menu_order":0,"comment_status":"closed","ping_status":"closed","template":"","meta":{"_et_pb_use_builder":"on","_et_pb_old_content":"","_et_gb_content_width":"","footnotes":""},"_links":{"self":[{"href":"http:\/\/ascm.gob.mx\/index.php\/wp-json\/wp\/v2\/pages\/2960"}],"collection":[{"href":"http:\/\/ascm.gob.mx\/index.php\/wp-json\/wp\/v2\/pages"}],"about":[{"href":"http:\/\/ascm.gob.mx\/index.php\/wp-json\/wp\/v2\/types\/page"}],"author":[{"embeddable":true,"href":"http:\/\/ascm.gob.mx\/index.php\/wp-json\/wp\/v2\/users\/5"}],"replies":[{"embeddable":true,"href":"http:\/\/ascm.gob.mx\/index.php\/wp-json\/wp\/v2\/comments?post=2960"}],"version-history":[{"count":4,"href":"http:\/\/ascm.gob.mx\/index.php\/wp-json\/wp\/v2\/pages\/2960\/revisions"}],"predecessor-version":[{"id":2970,"href":"http:\/\/ascm.gob.mx\/index.php\/wp-json\/wp\/v2\/pages\/2960\/revisions\/2970"}],"wp:attachment":[{"href":"http:\/\/ascm.gob.mx\/index.php\/wp-json\/wp\/v2\/media?parent=2960"}],"curies":[{"name":"wp","href":"https:\/\/api.w.org\/{rel}","templated":true}]}}