{"id":1799,"date":"2022-01-19T02:32:37","date_gmt":"2022-01-19T02:32:37","guid":{"rendered":"http:\/\/ascm.gob.mx\/?page_id=1799"},"modified":"2026-01-27T11:14:27","modified_gmt":"2026-01-27T17:14:27","slug":"sistema-institucional-de-archivo-coteciad","status":"publish","type":"page","link":"http:\/\/ascm.gob.mx\/index.php\/sistema-institucional-de-archivo-coteciad\/","title":{"rendered":"Sistema Institucional de Archivo \/ COTECIAD"},"content":{"rendered":"<p>[et_pb_section fb_built=&#8221;1&#8243; _builder_version=&#8221;4.16&#8243; global_colors_info=&#8221;{}&#8221;][et_pb_row _builder_version=&#8221;4.16&#8243; background_size=&#8221;initial&#8221; background_position=&#8221;top_left&#8221; background_repeat=&#8221;repeat&#8221; locked=&#8221;off&#8221; global_colors_info=&#8221;{}&#8221;][et_pb_column type=&#8221;4_4&#8243; _builder_version=&#8221;4.16&#8243; custom_padding=&#8221;|||&#8221; global_colors_info=&#8221;{}&#8221; custom_padding__hover=&#8221;|||&#8221;][et_pb_text _builder_version=&#8221;4.19.5&#8243; _module_preset=&#8221;default&#8221; custom_margin=&#8221;||0px|||&#8221; global_colors_info=&#8221;{}&#8221;]<\/p>\n<h2>Sistema Institucional de Archivos<\/h2>\n<p>[\/et_pb_text][et_pb_text _builder_version=&#8221;4.19.5&#8243; _module_preset=&#8221;default&#8221; custom_margin=&#8221;||0px|||&#8221; custom_padding=&#8221;||30px|||&#8221; locked=&#8221;off&#8221; global_colors_info=&#8221;{}&#8221;]<\/p>\n<p style=\"text-align: justify;\">La Auditor\u00eda Superior de la Ciudad de M\u00e9xico (ASCM) cuenta con un Sistema Institucional de Archivos, el cual, con base en el art\u00edculo 22 de la Ley de Archivos de la Ciudad de M\u00e9xico, se define como el conjunto de principios, lineamientos, procedimientos y estructuras que, tomando como base el ciclo vital del documento, norman la funcionalidad y operatividad de la gesti\u00f3n documental y la administraci\u00f3n de los archivos.<\/p>\n<p>[\/et_pb_text][et_pb_divider _builder_version=&#8221;4.16&#8243; _module_preset=&#8221;default&#8221; global_colors_info=&#8221;{}&#8221;][\/et_pb_divider][et_pb_text _builder_version=&#8221;4.16&#8243; _module_preset=&#8221;default&#8221; custom_margin=&#8221;||0px|||&#8221; global_colors_info=&#8221;{}&#8221;]<\/p>\n<h2>COTECIAD\u200b<\/h2>\n<p>[\/et_pb_text][\/et_pb_column][\/et_pb_row][et_pb_row _builder_version=&#8221;4.16&#8243; background_size=&#8221;initial&#8221; background_position=&#8221;top_left&#8221; background_repeat=&#8221;repeat&#8221; custom_padding=&#8221;0px|||||&#8221; global_colors_info=&#8221;{}&#8221;][et_pb_column type=&#8221;4_4&#8243; _builder_version=&#8221;4.16&#8243; custom_padding=&#8221;|||&#8221; global_colors_info=&#8221;{}&#8221; custom_padding__hover=&#8221;|||&#8221;][et_pb_text disabled_on=&#8221;on|on|on&#8221; _builder_version=&#8221;4.16&#8243; _module_preset=&#8221;default&#8221; disabled=&#8221;on&#8221; global_colors_info=&#8221;{}&#8221;]<\/p>\n<p style=\"text-align: center;\">CALENDARIO DE SESIONES ORDINARIAS DEL COTECIAD<br \/>PARA EL EJERCICIO 2022<\/p>\n<p style=\"text-align: center;\">Conforme lo establecido en el apartado 6. ATRIBUCIONES DEL COMIT\u00c9, numeral 9, del <em>Manual de Integraci\u00f3n y Funcionamiento del Comit\u00e9 T\u00e9cnico Interno de Administraci\u00f3n de Documentos de la ASCM<\/em>, se presenta el Calendario de sesiones ordinarias del COTECIAD para el ejercicio 2022.<\/p>\n<table style=\"border-style: solid; margin-left: auto; margin-right: auto;\">\n<tbody>\n<tr background-color:=\"\" 9b9b9b=\"\">\n<td width=\"200\" style=\"text-align: center;\">SESIONES<\/td>\n<td width=\"206\" style=\"text-align: center;\">FECHA<\/td>\n<\/tr>\n<tr>\n<td width=\"200\" style=\"text-align: center;\">PRIMERA<\/td>\n<td width=\"206\" style=\"text-align: center;\">13 de enero*<\/td>\n<\/tr>\n<tr>\n<td width=\"200\" style=\"text-align: center;\">SEGUNDA<\/td>\n<td width=\"206\" style=\"text-align: center;\">28 de abril<\/td>\n<\/tr>\n<tr>\n<td width=\"200\" style=\"text-align: center;\">TERCERA<\/td>\n<td width=\"206\" style=\"text-align: center;\">14 de julio<\/td>\n<\/tr>\n<tr>\n<td width=\"200\" style=\"text-align: center;\">CUARTA<\/td>\n<td width=\"206\" style=\"text-align: center;\">20 de octubre<\/td>\n<\/tr>\n<\/tbody>\n<\/table>\n<p style=\"text-align: center;\">*Nota: se reprogram\u00f3 para el 26 de enero de 2022.<\/p>\n<p>[\/et_pb_text][et_pb_text disabled_on=&#8221;on|on|on&#8221; _builder_version=&#8221;4.23.1&#8243; _module_preset=&#8221;default&#8221; disabled=&#8221;on&#8221; global_colors_info=&#8221;{}&#8221;]<\/p>\n<p style=\"text-align: center;\">CALENDARIO DE SESIONES ORDINARIAS DEL COTECIAD<br \/>PARA EL EJERCICIO 2025<\/p>\n<p style=\"text-align: center;\" align=\"center\">El Calendario de sesiones ordinarias del COTECIAD establecido para el ejercicio 2025 contempla cuatro sesiones<br \/>que se desarrollar\u00e1n en las siguientes fechas:<\/p>\n<p style=\"text-align: center;\" align=\"center\">\n<table border=\"0\" width=\"500\" align=\"center\">\n<tbody>\n<tr>\n<td>\u00a0<\/td>\n<td>\n<table border=\"1\" width=\"309\" align=\"center\">\n<tbody>\n<tr>\n<td width=\"151\">\n<div align=\"center\"><strong>SESIONES<\/strong><\/div>\n<\/td>\n<td width=\"104\">\n<div align=\"center\"><strong>FECHA<\/strong><\/div>\n<\/td>\n<\/tr>\n<tr>\n<td>\n<div align=\"center\"><span style=\"text-align: center;\">PRIMERA<\/span><\/div>\n<\/td>\n<td>\n<div align=\"center\"><span style=\"text-align: center;\">22 de enero<\/span><\/div>\n<\/td>\n<\/tr>\n<tr>\n<td>\n<div align=\"center\"><span style=\"text-align: center;\">SEGUNDA<\/span><\/div>\n<\/td>\n<td>\n<div align=\"center\"><span style=\"text-align: center;\">30 de abril<\/span><\/div>\n<\/td>\n<\/tr>\n<tr>\n<td>\n<div align=\"center\"><span style=\"text-align: center;\">TERCERA<\/span><\/div>\n<\/td>\n<td>\n<div align=\"center\"><span style=\"text-align: center;\">13 de agosto<\/span><\/div>\n<\/td>\n<\/tr>\n<tr>\n<td>\n<div align=\"center\"><span style=\"text-align: center;\">CUARTA<\/span><\/div>\n<\/td>\n<td>\n<div align=\"center\"><span style=\"text-align: center;\">27 de noviembre<\/span><\/div>\n<\/td>\n<\/tr>\n<\/tbody>\n<\/table>\n<\/td>\n<td>\u00a0<\/td>\n<\/tr>\n<\/tbody>\n<\/table>\n<p style=\"text-align: center;\" align=\"center\">\n<p style=\"text-align: center;\" align=\"center\">[\/et_pb_text][et_pb_text _builder_version=&#8221;4.27.4&#8243; _module_preset=&#8221;default&#8221; hover_enabled=&#8221;0&#8243; global_colors_info=&#8221;{}&#8221; sticky_enabled=&#8221;0&#8243;]<\/p>\n<p style=\"text-align: center;\">5. CALENDARIO DE SESIONES ORDINARIAS DEL COMIT\u00c9 T\u00c9CNICO INTERNO DE ADMINISTRACI\u00d3N DE DOCUMENTOS DE LA AUDITOR\u00cdA SUPERIOR DE LA CIUDAD DE M\u00c9XICO<\/p>\n<p style=\"text-align: center;\">CORRESPONDIENTE AL EJERCICIO 2026<\/p>\n<p style=\"text-align: center;\">\n<table border=\"0\" width=\"500\" align=\"center\">\n<tbody>\n<tr>\n<td><\/td>\n<td>\n<table border=\"1\" width=\"309\" align=\"center\">\n<tbody>\n<tr style=\"background-color: #eaf1dd;\">\n<td width=\"151\">\n<div align=\"center\"><strong>SESIONES<\/strong><\/div>\n<\/td>\n<td width=\"104\">\n<div align=\"center\"><strong>FECHA<\/strong><\/div>\n<\/td>\n<\/tr>\n<tr>\n<td>\n<div align=\"center\"><span style=\"text-align: center;\">PRIMERA<\/span><\/div>\n<\/td>\n<td>\n<div align=\"center\">Mi\u00e9rcoles, 14 de enero<\/div>\n<\/td>\n<\/tr>\n<tr>\n<td>\n<div align=\"center\"><span style=\"text-align: center;\">SEGUNDA<\/span><\/div>\n<\/td>\n<td>\n<div align=\"center\">Mi\u00e9rcoles, 29 de abril<\/div>\n<\/td>\n<\/tr>\n<tr>\n<td>\n<div align=\"center\"><span style=\"text-align: center;\">TERCERA<\/span><\/div>\n<\/td>\n<td>\n<div align=\"center\">Mi\u00e9rcoles, 12 de agosto<\/div>\n<\/td>\n<\/tr>\n<tr>\n<td>\n<div align=\"center\"><span style=\"text-align: center;\">CUARTA<\/span><\/div>\n<\/td>\n<td>\n<div align=\"center\">Mi\u00e9rcoles, 18 de noviembre<\/div>\n<\/td>\n<\/tr>\n<\/tbody>\n<\/table>\n<\/td>\n<td><\/td>\n<\/tr>\n<\/tbody>\n<\/table>\n<p>[\/et_pb_text][et_pb_button button_url=&#8221;http:\/\/ascm.gob.mx\/index.php\/coteciad-actas_bajas-y-transferencias-secundarias\/&#8221; button_text=&#8221;Ir a: ACTAS_BAJAS Y TRANSFERENCIAS SECUNDARIAS&#8221; _builder_version=&#8221;4.27.4&#8243; _module_preset=&#8221;default&#8221; hover_enabled=&#8221;0&#8243; global_colors_info=&#8221;{}&#8221; button_alignment=&#8221;right&#8221; custom_button=&#8221;on&#8221; button_text_size=&#8221;12px&#8221; sticky_enabled=&#8221;0&#8243;][\/et_pb_button][\/et_pb_column][\/et_pb_row][\/et_pb_section][et_pb_section fb_built=&#8221;1&#8243; _builder_version=&#8221;4.16&#8243; background_color=&#8221;#f7f7f7&#8243; global_colors_info=&#8221;{}&#8221;][et_pb_row _builder_version=&#8221;4.16&#8243; background_size=&#8221;initial&#8221; background_position=&#8221;top_left&#8221; background_repeat=&#8221;repeat&#8221; global_colors_info=&#8221;{}&#8221;][et_pb_column type=&#8221;4_4&#8243; _builder_version=&#8221;4.16&#8243; custom_padding=&#8221;|||&#8221; global_colors_info=&#8221;{}&#8221; custom_padding__hover=&#8221;|||&#8221;][\/et_pb_column][\/et_pb_row][\/et_pb_section]<\/p>\n","protected":false},"excerpt":{"rendered":"<p>Sistema Institucional de ArchivosLa Auditor\u00eda Superior de la Ciudad de M\u00e9xico (ASCM) cuenta con un Sistema Institucional de Archivos, el cual, con base en el art\u00edculo 22 de la Ley de Archivos de la Ciudad de M\u00e9xico, se define como el conjunto de principios, lineamientos, procedimientos y estructuras que, tomando como base el ciclo vital [&hellip;]<\/p>\n","protected":false},"author":7,"featured_media":0,"parent":0,"menu_order":0,"comment_status":"closed","ping_status":"closed","template":"","meta":{"_et_pb_use_builder":"on","_et_pb_old_content":"","_et_gb_content_width":"","footnotes":""},"_links":{"self":[{"href":"http:\/\/ascm.gob.mx\/index.php\/wp-json\/wp\/v2\/pages\/1799"}],"collection":[{"href":"http:\/\/ascm.gob.mx\/index.php\/wp-json\/wp\/v2\/pages"}],"about":[{"href":"http:\/\/ascm.gob.mx\/index.php\/wp-json\/wp\/v2\/types\/page"}],"author":[{"embeddable":true,"href":"http:\/\/ascm.gob.mx\/index.php\/wp-json\/wp\/v2\/users\/7"}],"replies":[{"embeddable":true,"href":"http:\/\/ascm.gob.mx\/index.php\/wp-json\/wp\/v2\/comments?post=1799"}],"version-history":[{"count":24,"href":"http:\/\/ascm.gob.mx\/index.php\/wp-json\/wp\/v2\/pages\/1799\/revisions"}],"predecessor-version":[{"id":8901,"href":"http:\/\/ascm.gob.mx\/index.php\/wp-json\/wp\/v2\/pages\/1799\/revisions\/8901"}],"wp:attachment":[{"href":"http:\/\/ascm.gob.mx\/index.php\/wp-json\/wp\/v2\/media?parent=1799"}],"curies":[{"name":"wp","href":"https:\/\/api.w.org\/{rel}","templated":true}]}}