{"id":175,"date":"2021-09-06T19:13:27","date_gmt":"2021-09-06T19:13:27","guid":{"rendered":"http:\/\/ascm.gob.mx\/?page_id=175"},"modified":"2026-01-27T10:42:45","modified_gmt":"2026-01-27T16:42:45","slug":"acerca-de","status":"publish","type":"page","link":"http:\/\/ascm.gob.mx\/index.php\/acerca-de\/","title":{"rendered":"Acerca de"},"content":{"rendered":"<p>[et_pb_section fb_built=&#8221;1&#8243; _builder_version=&#8221;4.16&#8243; global_colors_info=&#8221;{}&#8221;][et_pb_row _builder_version=&#8221;4.16&#8243; background_size=&#8221;initial&#8221; background_position=&#8221;top_left&#8221; background_repeat=&#8221;repeat&#8221; locked=&#8221;off&#8221; collapsed=&#8221;off&#8221; global_colors_info=&#8221;{}&#8221;][et_pb_column type=&#8221;4_4&#8243; _builder_version=&#8221;4.16&#8243; custom_padding=&#8221;|||&#8221; global_colors_info=&#8221;{}&#8221; custom_padding__hover=&#8221;|||&#8221;][et_pb_text _builder_version=&#8221;4.16&#8243; _module_preset=&#8221;default&#8221; custom_margin=&#8221;||0px|||&#8221; global_colors_info=&#8221;{}&#8221;]<\/p>\n<h2>Acerca de la Auditor\u00eda Superior de la Ciudad de M\u00e9xico<\/h2>\n<p>[\/et_pb_text][et_pb_divider _builder_version=&#8221;4.16&#8243; _module_preset=&#8221;default&#8221; global_colors_info=&#8221;{}&#8221;][\/et_pb_divider][\/et_pb_column][\/et_pb_row][et_pb_row _builder_version=&#8221;4.16&#8243; background_size=&#8221;initial&#8221; background_position=&#8221;top_left&#8221; background_repeat=&#8221;repeat&#8221; custom_padding=&#8221;0px|||||&#8221; global_colors_info=&#8221;{}&#8221;][et_pb_column type=&#8221;4_4&#8243; _builder_version=&#8221;4.16&#8243; custom_padding=&#8221;|||&#8221; global_colors_info=&#8221;{}&#8221; custom_padding__hover=&#8221;|||&#8221;][et_pb_text _builder_version=&#8221;4.27.4&#8243; _module_preset=&#8221;default&#8221; hover_enabled=&#8221;0&#8243; global_colors_info=&#8221;{}&#8221; sticky_enabled=&#8221;0&#8243;]<\/p>\n<p style=\"text-align: justify;\">Desde 2014, el \u00f3rgano de fiscalizaci\u00f3n superior de la capital del pa\u00eds es conocido como Auditor\u00eda Superior de la Ciudad de M\u00e9xico (ASCM). Es una autoridad administrativa con personalidad jur\u00eddica, patrimonio propio y autonom\u00eda t\u00e9cnica y de gesti\u00f3n para decidir sobre su organizaci\u00f3n interna, funcionamiento, terminaciones y resoluciones.<\/p>\n<p style=\"text-align: justify;\">La ASCM es una entidad del H. Congreso de la Ciudad de M\u00e9xico, responsable de revisar y auditar la Cuenta P\u00fablica del gobierno local, as\u00ed como de establecer normas, sistemas, m\u00e9todos, criterios y procedimientos con apego a los ordenamientos en materia de contabilidad y auditor\u00eda gubernamental, adem\u00e1s de vigilar que los sujetos de fiscalizaci\u00f3n atiendan las observaciones y solventen las recomendaciones que les formulen.<\/p>\n<p>[\/et_pb_text][et_pb_button button_url=&#8221;https:\/\/ascm.gob.mx\/index.php\/antecedentes\/&#8221; url_new_window=&#8221;on&#8221; button_text=&#8221;Antecedentes Hist\u00f3ricos&#8221; button_alignment=&#8221;center&#8221; _builder_version=&#8221;4.23.1&#8243; _module_preset=&#8221;default&#8221; custom_button=&#8221;on&#8221; button_text_size=&#8221;16px&#8221; global_colors_info=&#8221;{}&#8221;][\/et_pb_button][\/et_pb_column][\/et_pb_row][\/et_pb_section][et_pb_section fb_built=&#8221;1&#8243; _builder_version=&#8221;4.16&#8243; background_color=&#8221;#f7f7f7&#8243; global_colors_info=&#8221;{}&#8221;][et_pb_row _builder_version=&#8221;4.16&#8243; background_size=&#8221;initial&#8221; background_position=&#8221;top_left&#8221; background_repeat=&#8221;repeat&#8221; global_colors_info=&#8221;{}&#8221;][et_pb_column type=&#8221;4_4&#8243; _builder_version=&#8221;4.16&#8243; custom_padding=&#8221;|||&#8221; global_colors_info=&#8221;{}&#8221; custom_padding__hover=&#8221;|||&#8221;][\/et_pb_column][\/et_pb_row][\/et_pb_section]<\/p>\n","protected":false},"excerpt":{"rendered":"<p>Acerca de la Auditor\u00eda Superior de la Ciudad de M\u00e9xicoDesde 2014, el \u00f3rgano de fiscalizaci\u00f3n superior de la capital del pa\u00eds es conocido como Auditor\u00eda Superior de la Ciudad de M\u00e9xico (ASCM). Es una autoridad administrativa con personalidad jur\u00eddica, patrimonio propio y autonom\u00eda t\u00e9cnica y de gesti\u00f3n para decidir sobre su organizaci\u00f3n interna, funcionamiento, terminaciones [&hellip;]<\/p>\n","protected":false},"author":5,"featured_media":0,"parent":0,"menu_order":0,"comment_status":"closed","ping_status":"closed","template":"","meta":{"_et_pb_use_builder":"on","_et_pb_old_content":"","_et_gb_content_width":"","footnotes":""},"_links":{"self":[{"href":"http:\/\/ascm.gob.mx\/index.php\/wp-json\/wp\/v2\/pages\/175"}],"collection":[{"href":"http:\/\/ascm.gob.mx\/index.php\/wp-json\/wp\/v2\/pages"}],"about":[{"href":"http:\/\/ascm.gob.mx\/index.php\/wp-json\/wp\/v2\/types\/page"}],"author":[{"embeddable":true,"href":"http:\/\/ascm.gob.mx\/index.php\/wp-json\/wp\/v2\/users\/5"}],"replies":[{"embeddable":true,"href":"http:\/\/ascm.gob.mx\/index.php\/wp-json\/wp\/v2\/comments?post=175"}],"version-history":[{"count":13,"href":"http:\/\/ascm.gob.mx\/index.php\/wp-json\/wp\/v2\/pages\/175\/revisions"}],"predecessor-version":[{"id":8054,"href":"http:\/\/ascm.gob.mx\/index.php\/wp-json\/wp\/v2\/pages\/175\/revisions\/8054"}],"wp:attachment":[{"href":"http:\/\/ascm.gob.mx\/index.php\/wp-json\/wp\/v2\/media?parent=175"}],"curies":[{"name":"wp","href":"https:\/\/api.w.org\/{rel}","templated":true}]}}